{"id":4708,"date":"2021-09-27T21:55:54","date_gmt":"2021-09-28T00:55:54","guid":{"rendered":"http:\/\/dwg.org.ar\/?page_id=4708"},"modified":"2025-03-06T12:42:54","modified_gmt":"2025-03-06T15:42:54","slug":"donaciones","status":"publish","type":"page","link":"https:\/\/dwg.org.ar\/?page_id=4708","title":{"rendered":"Donaciones"},"content":{"rendered":"\t\t<div data-elementor-type=\"wp-page\" data-elementor-id=\"4708\" class=\"elementor elementor-4708\">\n\t\t\t\t\t\t<section class=\"elementor-section elementor-top-section elementor-element elementor-element-73729c4 elementor-section-full_width elementor-section-height-default elementor-section-height-default\" data-id=\"73729c4\" data-element_type=\"section\" data-e-type=\"section\">\n\t\t\t\t\t\t<div class=\"elementor-container elementor-column-gap-default\">\n\t\t\t\t\t<div class=\"elementor-column elementor-col-100 elementor-top-column elementor-element elementor-element-c7683b2 ot-flex-column-vertical\" data-id=\"c7683b2\" data-element_type=\"column\" data-e-type=\"column\">\n\t\t\t<div class=\"elementor-widget-wrap\">\n\t\t\t\t\t\t\t<\/div>\n\t\t<\/div>\n\t\t\t\t\t<\/div>\n\t\t<\/section>\n\t\t\t\t<section class=\"elementor-section elementor-top-section elementor-element elementor-element-24e6010 elementor-section-boxed elementor-section-height-default elementor-section-height-default\" data-id=\"24e6010\" data-element_type=\"section\" data-e-type=\"section\" data-settings=\"{&quot;background_background&quot;:&quot;classic&quot;}\">\n\t\t\t\t\t\t<div class=\"elementor-container elementor-column-gap-default\">\n\t\t\t\t\t<div class=\"elementor-column elementor-col-100 elementor-top-column elementor-element elementor-element-41d7f60 ot-flex-column-vertical\" data-id=\"41d7f60\" data-element_type=\"column\" data-e-type=\"column\">\n\t\t\t<div class=\"elementor-widget-wrap elementor-element-populated\">\n\t\t\t\t\t\t<div class=\"elementor-element elementor-element-38c992e elementor-invisible elementor-widget elementor-widget-iheading\" data-id=\"38c992e\" data-element_type=\"widget\" data-e-type=\"widget\" data-settings=\"{&quot;_animation&quot;:&quot;fadeInDown&quot;}\" data-widget_type=\"iheading.default\">\n\t\t\t\t<div class=\"elementor-widget-container\">\n\t\t\t\t\t\t\t<div class=\"ot-heading left-align\">\r\n\t\t\t\r\n\t\t\t\t\r\n\r\n\t         \r\n\r\n\t        \t        \t<h2 class=\"main-heading\">Donaciones\n<\/h2>\r\n\t        \t    <\/div>\r\n\t    \t\t\t\t<\/div>\n\t\t\t\t<\/div>\n\t\t\t\t\t<\/div>\n\t\t<\/div>\n\t\t\t\t\t<\/div>\n\t\t<\/section>\n\t\t\t\t<section class=\"elementor-section elementor-top-section elementor-element elementor-element-68910b5 elementor-section-content-middle elementor-section-boxed elementor-section-height-default elementor-section-height-default\" data-id=\"68910b5\" data-element_type=\"section\" data-e-type=\"section\" data-settings=\"{&quot;background_background&quot;:&quot;classic&quot;}\">\n\t\t\t\t\t\t\t<div class=\"elementor-background-overlay\"><\/div>\n\t\t\t\t\t\t\t<div class=\"elementor-container elementor-column-gap-extended\">\n\t\t\t\t\t<div class=\"elementor-column elementor-col-100 elementor-top-column elementor-element elementor-element-2f09aee ot-flex-column-vertical\" data-id=\"2f09aee\" data-element_type=\"column\" data-e-type=\"column\">\n\t\t\t<div class=\"elementor-widget-wrap elementor-element-populated\">\n\t\t\t\t\t\t<div class=\"elementor-element elementor-element-aa61a74 elementor-invisible elementor-widget elementor-widget-iheading\" data-id=\"aa61a74\" data-element_type=\"widget\" data-e-type=\"widget\" data-settings=\"{&quot;_animation&quot;:&quot;fadeInDown&quot;}\" data-widget_type=\"iheading.default\">\n\t\t\t\t<div class=\"elementor-widget-container\">\n\t\t\t\t\t\t\t<div class=\"ot-heading center-align\">\r\n\t\t\t\r\n\t\t\t\t\r\n\r\n\t         \r\n\r\n\t        \t        \t<h2 class=\"main-heading\">DAR PARA QUE OTROS PUEDAN RECIBIR\n<\/h2>\r\n\t        \t    <\/div>\r\n\t    \t\t\t\t<\/div>\n\t\t\t\t<\/div>\n\t\t\t\t<div class=\"elementor-element elementor-element-50ca69a elementor-invisible elementor-widget elementor-widget-iheading\" data-id=\"50ca69a\" data-element_type=\"widget\" data-e-type=\"widget\" data-settings=\"{&quot;_animation&quot;:&quot;fadeInUp&quot;}\" data-widget_type=\"iheading.default\">\n\t\t\t\t<div class=\"elementor-widget-container\">\n\t\t\t\t\t\t\t<div class=\"ot-heading center-align\">\r\n\t\t\t\r\n\t\t\t\t\r\n\r\n\t         \r\n\r\n\t        \t        \t<h2 class=\"main-heading\">Donaciones<\/h2>\r\n\t        \t    <\/div>\r\n\t    \t\t\t\t<\/div>\n\t\t\t\t<\/div>\n\t\t\t\t<div class=\"elementor-element elementor-element-d06c4c5 elementor-invisible elementor-widget elementor-widget-text-editor\" data-id=\"d06c4c5\" data-element_type=\"widget\" data-e-type=\"widget\" data-settings=\"{&quot;_animation&quot;:&quot;fadeIn&quot;}\" data-widget_type=\"text-editor.default\">\n\t\t\t\t<div class=\"elementor-widget-container\">\n\t\t\t\t\t\t\t\t\tUna entidad sin fines de lucro como la DWG, a diario se ve confrontada con los m\u00e1s diversos pedidos de ayuda. Para poder satisfacerlos necesariamente tambi\u00e9n dependemos de donaciones, \u00fanica fuente de recursos aparte de las cuotas de socios y de las fiestas ben\u00e9ficas.\nLas donaciones pueden ser en dinero, en especie o con servicios gratuitos, para los siguientes fines:\t\t\t\t\t\t\t\t<\/div>\n\t\t\t\t<\/div>\n\t\t\t\t<section class=\"elementor-section elementor-inner-section elementor-element elementor-element-050d170 elementor-section-full_width elementor-section-height-default elementor-section-height-default\" data-id=\"050d170\" data-element_type=\"section\" data-e-type=\"section\">\n\t\t\t\t\t\t<div class=\"elementor-container elementor-column-gap-default\">\n\t\t\t\t\t<div class=\"elementor-column elementor-col-50 elementor-inner-column elementor-element elementor-element-01c1e5a ot-flex-column-vertical\" data-id=\"01c1e5a\" data-element_type=\"column\" data-e-type=\"column\" data-settings=\"{&quot;background_background&quot;:&quot;classic&quot;}\">\n\t\t\t<div class=\"elementor-widget-wrap elementor-element-populated\">\n\t\t\t\t\t\t<div class=\"elementor-element elementor-element-4602a5c elementor-widget__width-auto elementor-view-default elementor-invisible elementor-widget elementor-widget-icon\" data-id=\"4602a5c\" data-element_type=\"widget\" data-e-type=\"widget\" data-settings=\"{&quot;_animation&quot;:&quot;zoomIn&quot;}\" data-widget_type=\"icon.default\">\n\t\t\t\t<div class=\"elementor-widget-container\">\n\t\t\t\t\t\t\t<div class=\"elementor-icon-wrapper\">\n\t\t\t<div class=\"elementor-icon\">\n\t\t\t<i aria-hidden=\"true\" class=\"fas fa-hands\"><\/i>\t\t\t<\/div>\n\t\t<\/div>\n\t\t\t\t\t\t<\/div>\n\t\t\t\t<\/div>\n\t\t\t\t<div class=\"elementor-element elementor-element-60f4823 elementor-widget__width-auto elementor-invisible elementor-widget elementor-widget-iheading\" data-id=\"60f4823\" data-element_type=\"widget\" data-e-type=\"widget\" data-settings=\"{&quot;_animation&quot;:&quot;fadeInLeft&quot;}\" data-widget_type=\"iheading.default\">\n\t\t\t\t<div class=\"elementor-widget-container\">\n\t\t\t\t\t\t\t<div class=\"ot-heading left-align\">\r\n\t\t\t\r\n\t\t\t\t\r\n\r\n\t         \r\n\r\n\t        \t        \t<h2 class=\"main-heading\">Donaciones en dinero para la asistencia social\n<\/h2>\r\n\t        \t    <\/div>\r\n\t    \t\t\t\t<\/div>\n\t\t\t\t<\/div>\n\t\t\t\t<div class=\"elementor-element elementor-element-3db8fc7 elementor-invisible elementor-widget elementor-widget-text-editor\" data-id=\"3db8fc7\" data-element_type=\"widget\" data-e-type=\"widget\" data-settings=\"{&quot;_animation&quot;:&quot;fadeIn&quot;}\" data-widget_type=\"text-editor.default\">\n\t\t\t\t<div class=\"elementor-widget-container\">\n\t\t\t\t\t\t\t\t\t<p>Nos permitir\u00edan realizar mayores compras de alimentos perecederos o solventar mayor cantidad de subsidios eventuales a desamparados ambulantes para por ejemplo la compra de medicamentos, alg\u00fan mes del servicio de electricidad o de agua, etc., seg\u00fan necesidad y an\u00e1lisis en cada caso en particular.<\/p>\t\t\t\t\t\t\t\t<\/div>\n\t\t\t\t<\/div>\n\t\t\t\t\t<\/div>\n\t\t<\/div>\n\t\t\t\t<div class=\"elementor-column elementor-col-50 elementor-inner-column elementor-element elementor-element-95cc9fd ot-flex-column-vertical\" data-id=\"95cc9fd\" data-element_type=\"column\" data-e-type=\"column\" data-settings=\"{&quot;background_background&quot;:&quot;classic&quot;}\">\n\t\t\t<div class=\"elementor-widget-wrap elementor-element-populated\">\n\t\t\t\t\t\t<div class=\"elementor-element elementor-element-91a22c6 elementor-widget__width-auto elementor-view-default elementor-invisible elementor-widget elementor-widget-icon\" data-id=\"91a22c6\" data-element_type=\"widget\" data-e-type=\"widget\" data-settings=\"{&quot;_animation&quot;:&quot;zoomIn&quot;}\" data-widget_type=\"icon.default\">\n\t\t\t\t<div class=\"elementor-widget-container\">\n\t\t\t\t\t\t\t<div class=\"elementor-icon-wrapper\">\n\t\t\t<div class=\"elementor-icon\">\n\t\t\t<i aria-hidden=\"true\" class=\"fas fa-home\"><\/i>\t\t\t<\/div>\n\t\t<\/div>\n\t\t\t\t\t\t<\/div>\n\t\t\t\t<\/div>\n\t\t\t\t<div class=\"elementor-element elementor-element-584faa5 elementor-widget__width-auto elementor-invisible elementor-widget elementor-widget-iheading\" data-id=\"584faa5\" data-element_type=\"widget\" data-e-type=\"widget\" data-settings=\"{&quot;_animation&quot;:&quot;fadeInRight&quot;}\" data-widget_type=\"iheading.default\">\n\t\t\t\t<div class=\"elementor-widget-container\">\n\t\t\t\t\t\t\t<div class=\"ot-heading left-align\">\r\n\t\t\t\r\n\t\t\t\t\r\n\r\n\t         \r\n\r\n\t        \t        \t<h2 class=\"main-heading\">Donaciones en dinero para \"Los Pinos\"\n<\/h2>\r\n\t        \t    <\/div>\r\n\t    \t\t\t\t<\/div>\n\t\t\t\t<\/div>\n\t\t\t\t<div class=\"elementor-element elementor-element-b75c14b elementor-invisible elementor-widget elementor-widget-text-editor\" data-id=\"b75c14b\" data-element_type=\"widget\" data-e-type=\"widget\" data-settings=\"{&quot;_animation&quot;:&quot;fadeIn&quot;}\" data-widget_type=\"text-editor.default\">\n\t\t\t\t<div class=\"elementor-widget-container\">\n\t\t\t\t\t\t\t\t\t<p>Nos permitir\u00edan la internaci\u00f3n subsidiada total o parcial de mayor cantidad de ancianos desprotegidos. Este tipo de internaci\u00f3n nos es solicitado cada vez con mayor frecuencia. En vista del desamparo de los ancianos que la solicitan estas internaciones deber\u00edan ser impostergables. Sin embargo, y muy en contra de nuestra voluntad, las debemos restringir a los medios disponibles para ello.<\/p>\t\t\t\t\t\t\t\t<\/div>\n\t\t\t\t<\/div>\n\t\t\t\t\t<\/div>\n\t\t<\/div>\n\t\t\t\t\t<\/div>\n\t\t<\/section>\n\t\t\t\t\t<\/div>\n\t\t<\/div>\n\t\t\t\t\t<\/div>\n\t\t<\/section>\n\t\t\t\t<section class=\"elementor-section elementor-top-section elementor-element elementor-element-e5bac05 elementor-section-boxed elementor-section-height-default elementor-section-height-default\" data-id=\"e5bac05\" data-element_type=\"section\" data-e-type=\"section\">\n\t\t\t\t\t\t<div class=\"elementor-container elementor-column-gap-extended\">\n\t\t\t\t\t<div class=\"elementor-column elementor-col-100 elementor-top-column elementor-element elementor-element-0596711 ot-flex-column-vertical\" data-id=\"0596711\" data-element_type=\"column\" data-e-type=\"column\" data-settings=\"{&quot;background_background&quot;:&quot;classic&quot;}\">\n\t\t\t<div class=\"elementor-widget-wrap elementor-element-populated\">\n\t\t\t\t\t\t<section class=\"elementor-section elementor-inner-section elementor-element elementor-element-355e5fa elementor-section-full_width elementor-section-height-default elementor-section-height-default\" data-id=\"355e5fa\" data-element_type=\"section\" data-e-type=\"section\" data-settings=\"{&quot;background_background&quot;:&quot;classic&quot;}\">\n\t\t\t\t\t\t\t<div class=\"elementor-background-overlay\"><\/div>\n\t\t\t\t\t\t\t<div class=\"elementor-container elementor-column-gap-extended\">\n\t\t\t\t\t<div class=\"elementor-column elementor-col-50 elementor-inner-column elementor-element elementor-element-3ba6121 ot-flex-column-vertical\" data-id=\"3ba6121\" data-element_type=\"column\" data-e-type=\"column\">\n\t\t\t<div class=\"elementor-widget-wrap elementor-element-populated\">\n\t\t\t\t\t\t<div class=\"elementor-element elementor-element-8ad7010 elementor-widget elementor-widget-heading\" data-id=\"8ad7010\" data-element_type=\"widget\" data-e-type=\"widget\" data-widget_type=\"heading.default\">\n\t\t\t\t<div class=\"elementor-widget-container\">\n\t\t\t\t\t<h2 class=\"elementor-heading-title elementor-size-default\">\u00bfC\u00f3mo Donar?<\/h2>\t\t\t\t<\/div>\n\t\t\t\t<\/div>\n\t\t\t\t<div class=\"elementor-element elementor-element-68a2aea elementor-widget elementor-widget-text-editor\" data-id=\"68a2aea\" data-element_type=\"widget\" data-e-type=\"widget\" data-widget_type=\"text-editor.default\">\n\t\t\t\t<div class=\"elementor-widget-container\">\n\t\t\t\t\t\t\t\t\t<div class=\"content-block\"><div class=\"main-alligned-container\"><div class=\"title-wrap\"><div class=\"call-to-action-subtitle dfd-content-subtitle\">La ayuda que Ud. nos puede brindar, por m\u00ednima que sea, siempre ser\u00e1 muy bienvenida.<\/div><\/div><\/div><\/div><div class=\"button-block\">\u00a0<\/div>\t\t\t\t\t\t\t\t<\/div>\n\t\t\t\t<\/div>\n\t\t\t\t\t<\/div>\n\t\t<\/div>\n\t\t\t\t<div class=\"elementor-column elementor-col-50 elementor-inner-column elementor-element elementor-element-d96e571 ot-flex-column-vertical\" data-id=\"d96e571\" data-element_type=\"column\" data-e-type=\"column\">\n\t\t\t<div class=\"elementor-widget-wrap elementor-element-populated\">\n\t\t\t\t\t\t<div class=\"elementor-element elementor-element-8a3b540 elementor-align-center elementor-widget elementor-widget-ibutton\" data-id=\"8a3b540\" data-element_type=\"widget\" data-e-type=\"widget\" data-widget_type=\"ibutton.default\">\n\t\t\t\t<div class=\"elementor-widget-container\">\n\t\t\t\t\t\t\t<div class=\"ot-button\">\r\n\t\t\t<a href=\"\/?page_id=4862\" class=\"octf-btn octf-btn-primary octf-btn-icon\"><span>DONAR<\/span> \r\n\t\t\t\t<i aria-hidden=\"true\" class=\"fas fa-donate\"><\/i>\t\t\t<\/a>\r\n\t    <\/div>\r\n\t    \t\t\t\t<\/div>\n\t\t\t\t<\/div>\n\t\t\t\t\t<\/div>\n\t\t<\/div>\n\t\t\t\t\t<\/div>\n\t\t<\/section>\n\t\t\t\t\t<\/div>\n\t\t<\/div>\n\t\t\t\t\t<\/div>\n\t\t<\/section>\n\t\t\t\t<\/div>\n\t\t","protected":false},"excerpt":{"rendered":"<p>Donaciones DAR PARA QUE OTROS PUEDAN RECIBIR Donaciones Una entidad sin fines de lucro como la DWG, a diario se ve confrontada con los m\u00e1s diversos pedidos de ayuda. Para poder satisfacerlos necesariamente tambi\u00e9n dependemos de donaciones, \u00fanica fuente de recursos aparte de las cuotas de socios y de las fiestas ben\u00e9ficas. Las donaciones pueden [&hellip;]<\/p>\n","protected":false},"author":2,"featured_media":0,"parent":0,"menu_order":0,"comment_status":"closed","ping_status":"closed","template":"","meta":{"footnotes":""},"class_list":["post-4708","page","type-page","status-publish","hentry"],"yoast_head":"<!-- This site is optimized with the Yoast SEO plugin v27.3 - https:\/\/yoast.com\/product\/yoast-seo-wordpress\/ -->\n<title>Donaciones | DWG<\/title>\n<meta name=\"description\" content=\"Donaciones es esencial para que la DWG siga efectuando sus tareas sociales con las personas m\u00e1s necesitadas de la sociedad\" \/>\n<meta name=\"robots\" content=\"index, follow, max-snippet:-1, max-image-preview:large, max-video-preview:-1\" \/>\n<link rel=\"canonical\" href=\"https:\/\/dwg.org.ar\/?page_id=4708\" \/>\n<meta property=\"og:locale\" content=\"es_ES\" \/>\n<meta property=\"og:type\" content=\"article\" \/>\n<meta property=\"og:title\" content=\"Donaciones | DWG\" \/>\n<meta property=\"og:description\" content=\"Donaciones es esencial para que la DWG siga efectuando sus tareas sociales con las personas m\u00e1s necesitadas de la sociedad\" \/>\n<meta property=\"og:url\" content=\"https:\/\/dwg.org.ar\/?page_id=4708\" \/>\n<meta property=\"og:site_name\" content=\"DWG\" \/>\n<meta property=\"article:publisher\" content=\"https:\/\/www.facebook.com\/SociedadAlemanadeBeneficencia\" \/>\n<meta property=\"article:modified_time\" content=\"2025-03-06T15:42:54+00:00\" \/>\n<meta name=\"twitter:card\" content=\"summary_large_image\" \/>\n<meta name=\"twitter:label1\" content=\"Tiempo de lectura\" \/>\n\t<meta name=\"twitter:data1\" content=\"1 minuto\" \/>\n<script type=\"application\/ld+json\" class=\"yoast-schema-graph\">{\"@context\":\"https:\\\/\\\/schema.org\",\"@graph\":[{\"@type\":\"WebPage\",\"@id\":\"https:\\\/\\\/dwg.org.ar\\\/?page_id=4708\",\"url\":\"https:\\\/\\\/dwg.org.ar\\\/?page_id=4708\",\"name\":\"Donaciones | DWG\",\"isPartOf\":{\"@id\":\"https:\\\/\\\/dwg.org.ar\\\/#website\"},\"datePublished\":\"2021-09-28T00:55:54+00:00\",\"dateModified\":\"2025-03-06T15:42:54+00:00\",\"description\":\"Donaciones es esencial para que la DWG siga efectuando sus tareas sociales con las personas m\u00e1s necesitadas de la sociedad\",\"breadcrumb\":{\"@id\":\"https:\\\/\\\/dwg.org.ar\\\/?page_id=4708#breadcrumb\"},\"inLanguage\":\"es-AR\",\"potentialAction\":[{\"@type\":\"ReadAction\",\"target\":[\"https:\\\/\\\/dwg.org.ar\\\/?page_id=4708\"]}]},{\"@type\":\"BreadcrumbList\",\"@id\":\"https:\\\/\\\/dwg.org.ar\\\/?page_id=4708#breadcrumb\",\"itemListElement\":[{\"@type\":\"ListItem\",\"position\":1,\"name\":\"Inicio\",\"item\":\"https:\\\/\\\/dwg.org.ar\\\/\"},{\"@type\":\"ListItem\",\"position\":2,\"name\":\"Donaciones\"}]},{\"@type\":\"WebSite\",\"@id\":\"https:\\\/\\\/dwg.org.ar\\\/#website\",\"url\":\"https:\\\/\\\/dwg.org.ar\\\/\",\"name\":\"DWG - Sociedad Alemana de Beneficencia\",\"description\":\"La DWG gerencia el Hogar para Mayores Los Pinos.\",\"publisher\":{\"@id\":\"https:\\\/\\\/dwg.org.ar\\\/#organization\"},\"potentialAction\":[{\"@type\":\"SearchAction\",\"target\":{\"@type\":\"EntryPoint\",\"urlTemplate\":\"https:\\\/\\\/dwg.org.ar\\\/?s={search_term_string}\"},\"query-input\":{\"@type\":\"PropertyValueSpecification\",\"valueRequired\":true,\"valueName\":\"search_term_string\"}}],\"inLanguage\":\"es-AR\"},{\"@type\":\"Organization\",\"@id\":\"https:\\\/\\\/dwg.org.ar\\\/#organization\",\"name\":\"DWG - Sociedad Alemana de Beneficencia\",\"url\":\"https:\\\/\\\/dwg.org.ar\\\/\",\"logo\":{\"@type\":\"ImageObject\",\"inLanguage\":\"es-AR\",\"@id\":\"https:\\\/\\\/dwg.org.ar\\\/#\\\/schema\\\/logo\\\/image\\\/\",\"url\":\"https:\\\/\\\/dwg.org.ar\\\/wp-content\\\/uploads\\\/2021\\\/09\\\/Logo_dwg_svg.svg\",\"contentUrl\":\"https:\\\/\\\/dwg.org.ar\\\/wp-content\\\/uploads\\\/2021\\\/09\\\/Logo_dwg_svg.svg\",\"width\":344,\"height\":172,\"caption\":\"DWG - Sociedad Alemana de Beneficencia\"},\"image\":{\"@id\":\"https:\\\/\\\/dwg.org.ar\\\/#\\\/schema\\\/logo\\\/image\\\/\"},\"sameAs\":[\"https:\\\/\\\/www.facebook.com\\\/SociedadAlemanadeBeneficencia\"]}]}<\/script>\n<!-- \/ Yoast SEO plugin. -->","yoast_head_json":{"title":"Donaciones | DWG","description":"Donaciones es esencial para que la DWG siga efectuando sus tareas sociales con las personas m\u00e1s necesitadas de la sociedad","robots":{"index":"index","follow":"follow","max-snippet":"max-snippet:-1","max-image-preview":"max-image-preview:large","max-video-preview":"max-video-preview:-1"},"canonical":"https:\/\/dwg.org.ar\/?page_id=4708","og_locale":"es_ES","og_type":"article","og_title":"Donaciones | DWG","og_description":"Donaciones es esencial para que la DWG siga efectuando sus tareas sociales con las personas m\u00e1s necesitadas de la sociedad","og_url":"https:\/\/dwg.org.ar\/?page_id=4708","og_site_name":"DWG","article_publisher":"https:\/\/www.facebook.com\/SociedadAlemanadeBeneficencia","article_modified_time":"2025-03-06T15:42:54+00:00","twitter_card":"summary_large_image","twitter_misc":{"Tiempo de lectura":"1 minuto"},"schema":{"@context":"https:\/\/schema.org","@graph":[{"@type":"WebPage","@id":"https:\/\/dwg.org.ar\/?page_id=4708","url":"https:\/\/dwg.org.ar\/?page_id=4708","name":"Donaciones | DWG","isPartOf":{"@id":"https:\/\/dwg.org.ar\/#website"},"datePublished":"2021-09-28T00:55:54+00:00","dateModified":"2025-03-06T15:42:54+00:00","description":"Donaciones es esencial para que la DWG siga efectuando sus tareas sociales con las personas m\u00e1s necesitadas de la sociedad","breadcrumb":{"@id":"https:\/\/dwg.org.ar\/?page_id=4708#breadcrumb"},"inLanguage":"es-AR","potentialAction":[{"@type":"ReadAction","target":["https:\/\/dwg.org.ar\/?page_id=4708"]}]},{"@type":"BreadcrumbList","@id":"https:\/\/dwg.org.ar\/?page_id=4708#breadcrumb","itemListElement":[{"@type":"ListItem","position":1,"name":"Inicio","item":"https:\/\/dwg.org.ar\/"},{"@type":"ListItem","position":2,"name":"Donaciones"}]},{"@type":"WebSite","@id":"https:\/\/dwg.org.ar\/#website","url":"https:\/\/dwg.org.ar\/","name":"DWG - Sociedad Alemana de Beneficencia","description":"La DWG gerencia el Hogar para Mayores Los Pinos.","publisher":{"@id":"https:\/\/dwg.org.ar\/#organization"},"potentialAction":[{"@type":"SearchAction","target":{"@type":"EntryPoint","urlTemplate":"https:\/\/dwg.org.ar\/?s={search_term_string}"},"query-input":{"@type":"PropertyValueSpecification","valueRequired":true,"valueName":"search_term_string"}}],"inLanguage":"es-AR"},{"@type":"Organization","@id":"https:\/\/dwg.org.ar\/#organization","name":"DWG - Sociedad Alemana de Beneficencia","url":"https:\/\/dwg.org.ar\/","logo":{"@type":"ImageObject","inLanguage":"es-AR","@id":"https:\/\/dwg.org.ar\/#\/schema\/logo\/image\/","url":"https:\/\/dwg.org.ar\/wp-content\/uploads\/2021\/09\/Logo_dwg_svg.svg","contentUrl":"https:\/\/dwg.org.ar\/wp-content\/uploads\/2021\/09\/Logo_dwg_svg.svg","width":344,"height":172,"caption":"DWG - Sociedad Alemana de Beneficencia"},"image":{"@id":"https:\/\/dwg.org.ar\/#\/schema\/logo\/image\/"},"sameAs":["https:\/\/www.facebook.com\/SociedadAlemanadeBeneficencia"]}]}},"_links":{"self":[{"href":"https:\/\/dwg.org.ar\/index.php?rest_route=\/wp\/v2\/pages\/4708","targetHints":{"allow":["GET"]}}],"collection":[{"href":"https:\/\/dwg.org.ar\/index.php?rest_route=\/wp\/v2\/pages"}],"about":[{"href":"https:\/\/dwg.org.ar\/index.php?rest_route=\/wp\/v2\/types\/page"}],"author":[{"embeddable":true,"href":"https:\/\/dwg.org.ar\/index.php?rest_route=\/wp\/v2\/users\/2"}],"replies":[{"embeddable":true,"href":"https:\/\/dwg.org.ar\/index.php?rest_route=%2Fwp%2Fv2%2Fcomments&post=4708"}],"version-history":[{"count":56,"href":"https:\/\/dwg.org.ar\/index.php?rest_route=\/wp\/v2\/pages\/4708\/revisions"}],"predecessor-version":[{"id":5438,"href":"https:\/\/dwg.org.ar\/index.php?rest_route=\/wp\/v2\/pages\/4708\/revisions\/5438"}],"wp:attachment":[{"href":"https:\/\/dwg.org.ar\/index.php?rest_route=%2Fwp%2Fv2%2Fmedia&parent=4708"}],"curies":[{"name":"wp","href":"https:\/\/api.w.org\/{rel}","templated":true}]}}