{"id":4661,"date":"2021-09-25T16:17:04","date_gmt":"2021-09-25T19:17:04","guid":{"rendered":"http:\/\/dwg.org.ar\/?page_id=4661"},"modified":"2026-02-05T18:01:00","modified_gmt":"2026-02-05T21:01:00","slug":"socios","status":"publish","type":"page","link":"https:\/\/dwg.org.ar\/?page_id=4661","title":{"rendered":"Socios"},"content":{"rendered":"\t\t<div data-elementor-type=\"wp-page\" data-elementor-id=\"4661\" class=\"elementor elementor-4661\">\n\t\t\t\t\t\t<section class=\"elementor-section elementor-top-section elementor-element elementor-element-73729c4 elementor-section-full_width elementor-section-height-default elementor-section-height-default\" data-id=\"73729c4\" data-element_type=\"section\" data-e-type=\"section\">\n\t\t\t\t\t\t<div class=\"elementor-container elementor-column-gap-default\">\n\t\t\t\t\t<div class=\"elementor-column elementor-col-100 elementor-top-column elementor-element elementor-element-c7683b2 ot-flex-column-vertical\" data-id=\"c7683b2\" data-element_type=\"column\" data-e-type=\"column\">\n\t\t\t<div class=\"elementor-widget-wrap\">\n\t\t\t\t\t\t\t<\/div>\n\t\t<\/div>\n\t\t\t\t\t<\/div>\n\t\t<\/section>\n\t\t\t\t<section class=\"elementor-section elementor-top-section elementor-element elementor-element-24e6010 elementor-section-boxed elementor-section-height-default elementor-section-height-default\" data-id=\"24e6010\" data-element_type=\"section\" data-e-type=\"section\" data-settings=\"{&quot;background_background&quot;:&quot;classic&quot;}\">\n\t\t\t\t\t\t<div class=\"elementor-container elementor-column-gap-default\">\n\t\t\t\t\t<div class=\"elementor-column elementor-col-100 elementor-top-column elementor-element elementor-element-41d7f60 ot-flex-column-vertical\" data-id=\"41d7f60\" data-element_type=\"column\" data-e-type=\"column\">\n\t\t\t<div class=\"elementor-widget-wrap elementor-element-populated\">\n\t\t\t\t\t\t<div class=\"elementor-element elementor-element-38c992e elementor-invisible elementor-widget elementor-widget-iheading\" data-id=\"38c992e\" data-element_type=\"widget\" data-e-type=\"widget\" data-settings=\"{&quot;_animation&quot;:&quot;fadeInDown&quot;}\" data-widget_type=\"iheading.default\">\n\t\t\t\t<div class=\"elementor-widget-container\">\n\t\t\t\t\t\t\t<div class=\"ot-heading left-align\">\r\n\t\t\t\r\n\t\t\t\t\r\n\r\n\t         \r\n\r\n\t        \t        \t<h2 class=\"main-heading\">Socios<\/h2>\r\n\t        \t    <\/div>\r\n\t    \t\t\t\t<\/div>\n\t\t\t\t<\/div>\n\t\t\t\t\t<\/div>\n\t\t<\/div>\n\t\t\t\t\t<\/div>\n\t\t<\/section>\n\t\t\t\t<section class=\"elementor-section elementor-top-section elementor-element elementor-element-68910b5 elementor-section-content-middle elementor-section-full_width elementor-section-height-default elementor-section-height-default\" data-id=\"68910b5\" data-element_type=\"section\" data-e-type=\"section\" data-settings=\"{&quot;background_background&quot;:&quot;classic&quot;}\">\n\t\t\t\t\t\t\t<div class=\"elementor-background-overlay\"><\/div>\n\t\t\t\t\t\t\t<div class=\"elementor-container elementor-column-gap-extended\">\n\t\t\t\t\t<div class=\"elementor-column elementor-col-50 elementor-top-column elementor-element elementor-element-2f09aee ot-flex-column-vertical\" data-id=\"2f09aee\" data-element_type=\"column\" data-e-type=\"column\" data-settings=\"{&quot;background_background&quot;:&quot;classic&quot;}\">\n\t\t\t<div class=\"elementor-widget-wrap elementor-element-populated\">\n\t\t\t\t\t\t<div class=\"elementor-element elementor-element-50ca69a elementor-invisible elementor-widget elementor-widget-iheading\" data-id=\"50ca69a\" data-element_type=\"widget\" data-e-type=\"widget\" data-settings=\"{&quot;_animation&quot;:&quot;fadeInLeft&quot;}\" data-widget_type=\"iheading.default\">\n\t\t\t\t<div class=\"elementor-widget-container\">\n\t\t\t\t\t\t\t<div class=\"ot-heading left-align\">\r\n\t\t\t\r\n\t\t\t\t\r\n\r\n\t         \r\n\r\n\t        \t        \t<h2 class=\"main-heading\">Nuestros Socios<\/h2>\r\n\t        \t    <\/div>\r\n\t    \t\t\t\t<\/div>\n\t\t\t\t<\/div>\n\t\t\t\t<div class=\"elementor-element elementor-element-d06c4c5 elementor-invisible elementor-widget elementor-widget-text-editor\" data-id=\"d06c4c5\" data-element_type=\"widget\" data-e-type=\"widget\" data-settings=\"{&quot;_animation&quot;:&quot;fadeInLeft&quot;}\" data-widget_type=\"text-editor.default\">\n\t\t\t\t<div class=\"elementor-widget-container\">\n\t\t\t\t\t\t\t\t\t<p>Un alto porcentaje de la ayuda financiera que nos permite cumplir con nuestro principal cometido de atenci\u00f3n de personas desamparadas, enfermas y necesitadas, por medio de la entrega de ropa, medicamentos, alimentos y otros subsidios, es el aporte de las cuotas de nuestros socios.<\/p>\t\t\t\t\t\t\t\t<\/div>\n\t\t\t\t<\/div>\n\t\t\t\t\t<\/div>\n\t\t<\/div>\n\t\t\t\t<div class=\"elementor-column elementor-col-50 elementor-top-column elementor-element elementor-element-7a48d42\" data-id=\"7a48d42\" data-element_type=\"column\" data-e-type=\"column\" data-settings=\"{&quot;background_background&quot;:&quot;classic&quot;}\">\n\t\t\t<div class=\"elementor-widget-wrap\">\n\t\t\t\t\t<div class=\"elementor-background-overlay\"><\/div>\n\t\t\t\t\t\t\t<\/div>\n\t\t<\/div>\n\t\t\t\t\t<\/div>\n\t\t<\/section>\n\t\t\t\t<section class=\"elementor-section elementor-top-section elementor-element elementor-element-02f9546 elementor-section-content-middle elementor-section-full_width elementor-section-height-default elementor-section-height-default\" data-id=\"02f9546\" data-element_type=\"section\" data-e-type=\"section\" data-settings=\"{&quot;background_background&quot;:&quot;classic&quot;}\">\n\t\t\t\t\t\t\t<div class=\"elementor-background-overlay\"><\/div>\n\t\t\t\t\t\t\t<div class=\"elementor-container elementor-column-gap-extended\">\n\t\t\t\t\t<div class=\"elementor-column elementor-col-50 elementor-top-column elementor-element elementor-element-da42f7d\" data-id=\"da42f7d\" data-element_type=\"column\" data-e-type=\"column\" data-settings=\"{&quot;background_background&quot;:&quot;classic&quot;}\">\n\t\t\t<div class=\"elementor-widget-wrap\">\n\t\t\t\t\t<div class=\"elementor-background-overlay\"><\/div>\n\t\t\t\t\t\t\t<\/div>\n\t\t<\/div>\n\t\t\t\t<div class=\"elementor-column elementor-col-50 elementor-top-column elementor-element elementor-element-9d5ba81 ot-flex-column-vertical\" data-id=\"9d5ba81\" data-element_type=\"column\" data-e-type=\"column\" data-settings=\"{&quot;background_background&quot;:&quot;classic&quot;}\">\n\t\t\t<div class=\"elementor-widget-wrap elementor-element-populated\">\n\t\t\t\t\t\t<div class=\"elementor-element elementor-element-c6efc2b elementor-invisible elementor-widget elementor-widget-iheading\" data-id=\"c6efc2b\" data-element_type=\"widget\" data-e-type=\"widget\" data-settings=\"{&quot;_animation&quot;:&quot;fadeInRight&quot;}\" data-widget_type=\"iheading.default\">\n\t\t\t\t<div class=\"elementor-widget-container\">\n\t\t\t\t\t\t\t<div class=\"ot-heading left-align\">\r\n\t\t\t\r\n\t\t\t\t\r\n\r\n\t         \r\n\r\n\t        \t        \t<h2 class=\"main-heading\">ABONOS\n<\/h2>\r\n\t        \t    <\/div>\r\n\t    \t\t\t\t<\/div>\n\t\t\t\t<\/div>\n\t\t\t\t<div class=\"elementor-element elementor-element-8146e1b elementor-invisible elementor-widget elementor-widget-text-editor\" data-id=\"8146e1b\" data-element_type=\"widget\" data-e-type=\"widget\" data-settings=\"{&quot;_animation&quot;:&quot;fadeInUp&quot;}\" data-widget_type=\"text-editor.default\">\n\t\t\t\t<div class=\"elementor-widget-container\">\n\t\t\t\t\t\t\t\t\t<p>Los valores actualizados han sido fijados de la siguiente manera:<\/p>\t\t\t\t\t\t\t\t<\/div>\n\t\t\t\t<\/div>\n\t\t\t\t<div class=\"elementor-element elementor-element-7a0940e elementor-invisible elementor-widget elementor-widget-iaccordions\" data-id=\"7a0940e\" data-element_type=\"widget\" data-e-type=\"widget\" data-settings=\"{&quot;_animation&quot;:&quot;fadeIn&quot;}\" data-widget_type=\"iaccordions.default\">\n\t\t\t\t<div class=\"elementor-widget-container\">\n\t\t\t\t\t\r\n\t\t<div class=\"ot-accordions\">\r\n\t\t\t\t\t\t<div class=\"acc-item\">\r\n\t\t\t\t<span class=\"acc-toggle\" data-default=\"yes\">SOCIO PRINCIPAL <i class=\"down flaticon-arrow-pointing-to-down\"><\/i><i class=\"up flaticon-arrow-pointing-to-up\"><\/i><\/span>\r\n\t\t\t\t<div class=\"acc-content\">\r\n\t\t\t\t\t<p><strong>\u00b7 Anual<\/strong> $ 270.000 | <strong>\u00b7 Mensual<\/strong> $ 23.000<\/p>\t\t\t\t<\/div>\r\n\t\t\t<\/div>\r\n\t\t\t\t\t\t<div class=\"acc-item\">\r\n\t\t\t\t<span class=\"acc-toggle\" data-default=\"\">CADA SOCIO FAMILIAR ADICIONAL <i class=\"down flaticon-arrow-pointing-to-down\"><\/i><i class=\"up flaticon-arrow-pointing-to-up\"><\/i><\/span>\r\n\t\t\t\t<div class=\"acc-content\">\r\n\t\t\t\t\t<p><strong>\u00b7 Anual<\/strong> $ 95.000 | <strong>\u00b7 Mensual<\/strong> $ 8.000<\/p>\t\t\t\t<\/div>\r\n\t\t\t<\/div>\r\n\t\t\t\t\t\t<div class=\"acc-item\">\r\n\t\t\t\t<span class=\"acc-toggle\" data-default=\"\">GRUPO FAMILIAR (CON HIJOS HASTA 25 A\u00d1OS) <i class=\"down flaticon-arrow-pointing-to-down\"><\/i><i class=\"up flaticon-arrow-pointing-to-up\"><\/i><\/span>\r\n\t\t\t\t<div class=\"acc-content\">\r\n\t\t\t\t\t<p><strong>\u00b7 Anual<\/strong> $ 440.000 | <strong>\u00b7 Mensual<\/strong> $ 37.500<\/p>\t\t\t\t<\/div>\r\n\t\t\t<\/div>\r\n\t\t\t\t\t\t<div class=\"acc-item\">\r\n\t\t\t\t<span class=\"acc-toggle\" data-default=\"\">SOCIO JUBILADO <i class=\"down flaticon-arrow-pointing-to-down\"><\/i><i class=\"up flaticon-arrow-pointing-to-up\"><\/i><\/span>\r\n\t\t\t\t<div class=\"acc-content\">\r\n\t\t\t\t\t<p><strong>\u00b7 Anual<\/strong> $ 75.000 | <strong>\u00b7 Mensual<\/strong> $ 6.300<\/p>\t\t\t\t<\/div>\r\n\t\t\t<\/div>\r\n\t\t\t\t    <\/div>\r\n\r\n\t    \t\t\t\t<\/div>\n\t\t\t\t<\/div>\n\t\t\t\t\t<\/div>\n\t\t<\/div>\n\t\t\t\t\t<\/div>\n\t\t<\/section>\n\t\t\t\t<section class=\"elementor-section elementor-top-section elementor-element elementor-element-70798ec elementor-section-boxed elementor-section-height-default elementor-section-height-default\" data-id=\"70798ec\" data-element_type=\"section\" data-e-type=\"section\" data-settings=\"{&quot;background_background&quot;:&quot;classic&quot;}\">\n\t\t\t\t\t\t<div class=\"elementor-container elementor-column-gap-default\">\n\t\t\t\t\t<div class=\"elementor-column elementor-col-100 elementor-top-column elementor-element elementor-element-7f9accf ot-flex-column-vertical\" data-id=\"7f9accf\" data-element_type=\"column\" data-e-type=\"column\">\n\t\t\t<div class=\"elementor-widget-wrap elementor-element-populated\">\n\t\t\t\t\t\t<div class=\"elementor-element elementor-element-af5a134 elementor-invisible elementor-widget elementor-widget-iheading\" data-id=\"af5a134\" data-element_type=\"widget\" data-e-type=\"widget\" data-settings=\"{&quot;_animation&quot;:&quot;zoomIn&quot;}\" data-widget_type=\"iheading.default\">\n\t\t\t\t<div class=\"elementor-widget-container\">\n\t\t\t\t\t\t\t<div class=\"ot-heading center-align\">\r\n\t\t\t\r\n\t\t\t\t\r\n\r\n\t         \r\n\r\n\t        \t        \t<h2 class=\"main-heading\">Informamos a todos aquellos socios que abonan sus cuotas con d\u00e9bito autom\u00e1tico a su tarjeta Visa o Mastercard\/Argencard, que la cuota de este a\u00f1o le ser\u00e1 debitada por los nuevos importes arriba detallados. En caso de desear optar por abonar en cuotas, solicitamos nos lo informen por e-mail o telef\u00f3nicamente\n<\/h2>\r\n\t        \t    <\/div>\r\n\t    \t\t\t\t<\/div>\n\t\t\t\t<\/div>\n\t\t\t\t\t<\/div>\n\t\t<\/div>\n\t\t\t\t\t<\/div>\n\t\t<\/section>\n\t\t\t\t<section class=\"elementor-section elementor-top-section elementor-element elementor-element-8125738 elementor-section-boxed elementor-section-height-default elementor-section-height-default\" data-id=\"8125738\" data-element_type=\"section\" data-e-type=\"section\">\n\t\t\t\t\t\t<div class=\"elementor-container elementor-column-gap-default\">\n\t\t\t\t\t<div class=\"elementor-column elementor-col-50 elementor-top-column elementor-element elementor-element-dce4f68 ot-flex-column-vertical elementor-invisible\" data-id=\"dce4f68\" data-element_type=\"column\" data-e-type=\"column\" data-settings=\"{&quot;animation&quot;:&quot;fadeInLeft&quot;}\">\n\t\t\t<div class=\"elementor-widget-wrap elementor-element-populated\">\n\t\t\t\t\t\t<div class=\"elementor-element elementor-element-1df0b6e elementor-widget elementor-widget-image\" data-id=\"1df0b6e\" data-element_type=\"widget\" data-e-type=\"widget\" data-widget_type=\"image.default\">\n\t\t\t\t<div class=\"elementor-widget-container\">\n\t\t\t\t\t\t\t\t\t\t\t\t\t\t\t<img fetchpriority=\"high\" decoding=\"async\" width=\"369\" height=\"136\" src=\"https:\/\/dwg.org.ar\/wp-content\/uploads\/2021\/09\/descarga.png\" class=\"attachment-large size-large wp-image-4687\" alt=\"\" srcset=\"https:\/\/dwg.org.ar\/wp-content\/uploads\/2021\/09\/descarga.png 369w, https:\/\/dwg.org.ar\/wp-content\/uploads\/2021\/09\/descarga-300x111.png 300w\" sizes=\"(max-width: 369px) 100vw, 369px\" \/>\t\t\t\t\t\t\t\t\t\t\t\t\t\t\t<\/div>\n\t\t\t\t<\/div>\n\t\t\t\t<div class=\"elementor-element elementor-element-bec1401 elementor-widget elementor-widget-text-editor\" data-id=\"bec1401\" data-element_type=\"widget\" data-e-type=\"widget\" data-widget_type=\"text-editor.default\">\n\t\t\t\t<div class=\"elementor-widget-container\">\n\t\t\t\t\t\t\t\t\t<p><strong>Cuenta Corriente<\/strong> <strong>N\u00ba<\/strong> 0918\/02000002\/56<br \/><strong>CBU<\/strong> <strong>N<\/strong>\u00ba 01509186 02000000002565<br \/><strong>CUIT<\/strong> <strong>N\u00b0<\/strong> 30-52595934-8<\/p>\t\t\t\t\t\t\t\t<\/div>\n\t\t\t\t<\/div>\n\t\t\t\t\t<\/div>\n\t\t<\/div>\n\t\t\t\t<div class=\"elementor-column elementor-col-50 elementor-top-column elementor-element elementor-element-f624a58 ot-flex-column-vertical elementor-invisible\" data-id=\"f624a58\" data-element_type=\"column\" data-e-type=\"column\" data-settings=\"{&quot;background_background&quot;:&quot;classic&quot;,&quot;animation&quot;:&quot;fadeInRight&quot;}\">\n\t\t\t<div class=\"elementor-widget-wrap elementor-element-populated\">\n\t\t\t\t\t\t<div class=\"elementor-element elementor-element-d9016c0 elementor-widget elementor-widget-image\" data-id=\"d9016c0\" data-element_type=\"widget\" data-e-type=\"widget\" data-widget_type=\"image.default\">\n\t\t\t\t<div class=\"elementor-widget-container\">\n\t\t\t\t\t\t\t\t\t\t\t\t\t\t\t<img decoding=\"async\" width=\"1024\" height=\"196\" src=\"https:\/\/dwg.org.ar\/wp-content\/uploads\/2021\/09\/2560px-Banco_Santander_Logotipo.svg-1024x196.png\" class=\"attachment-large size-large wp-image-4686\" alt=\"\" srcset=\"https:\/\/dwg.org.ar\/wp-content\/uploads\/2021\/09\/2560px-Banco_Santander_Logotipo.svg-1024x196.png 1024w, https:\/\/dwg.org.ar\/wp-content\/uploads\/2021\/09\/2560px-Banco_Santander_Logotipo.svg-300x57.png 300w, https:\/\/dwg.org.ar\/wp-content\/uploads\/2021\/09\/2560px-Banco_Santander_Logotipo.svg-768x147.png 768w, https:\/\/dwg.org.ar\/wp-content\/uploads\/2021\/09\/2560px-Banco_Santander_Logotipo.svg-1536x293.png 1536w, https:\/\/dwg.org.ar\/wp-content\/uploads\/2021\/09\/2560px-Banco_Santander_Logotipo.svg-2048x391.png 2048w\" sizes=\"(max-width: 1024px) 100vw, 1024px\" \/>\t\t\t\t\t\t\t\t\t\t\t\t\t\t\t<\/div>\n\t\t\t\t<\/div>\n\t\t\t\t<div class=\"elementor-element elementor-element-1ce7f46 elementor-widget elementor-widget-text-editor\" data-id=\"1ce7f46\" data-element_type=\"widget\" data-e-type=\"widget\" data-widget_type=\"text-editor.default\">\n\t\t\t\t<div class=\"elementor-widget-container\">\n\t\t\t\t\t\t\t\t\t<p><strong>Cuenta Corriente N\u00ba<\/strong> 071-011025\/1<br \/><strong>CBU<\/strong> <strong>N\u00ba<\/strong> 0720071720000001102518<br \/><strong>CUIT<\/strong> <strong>N\u00b0<\/strong> 30-52595934-8<\/p>\t\t\t\t\t\t\t\t<\/div>\n\t\t\t\t<\/div>\n\t\t\t\t\t<\/div>\n\t\t<\/div>\n\t\t\t\t\t<\/div>\n\t\t<\/section>\n\t\t\t\t<section class=\"elementor-section elementor-top-section elementor-element elementor-element-0dd163a elementor-section-boxed elementor-section-height-default elementor-section-height-default\" data-id=\"0dd163a\" data-element_type=\"section\" data-e-type=\"section\" data-settings=\"{&quot;background_background&quot;:&quot;classic&quot;}\">\n\t\t\t\t\t\t<div class=\"elementor-container elementor-column-gap-default\">\n\t\t\t\t\t<div class=\"elementor-column elementor-col-100 elementor-top-column elementor-element elementor-element-ba14405 ot-flex-column-vertical\" data-id=\"ba14405\" data-element_type=\"column\" data-e-type=\"column\">\n\t\t\t<div class=\"elementor-widget-wrap elementor-element-populated\">\n\t\t\t\t\t\t<div class=\"elementor-element elementor-element-538a785 elementor-invisible elementor-widget elementor-widget-iheading\" data-id=\"538a785\" data-element_type=\"widget\" data-e-type=\"widget\" data-settings=\"{&quot;_animation&quot;:&quot;fadeInUp&quot;}\" data-widget_type=\"iheading.default\">\n\t\t\t\t<div class=\"elementor-widget-container\">\n\t\t\t\t\t\t\t<div class=\"ot-heading center-align\">\r\n\t\t\t\r\n\t\t\t\t\r\n\r\n\t         \r\n\r\n\t        \t        \t<h2 class=\"main-heading\">\nSolicitamos el env\u00edo del comprobante de la operaci\u00f3n por Mail a <b>gladysr@dwg.org.ar<\/b>, para proceder a la correcta imputaci\u00f3n del mismo.\nLa Sra. Gladys (7091-0601) y nuestra cobradora, Sra. Renate (15-4065-2769) se encuentran a su disposici\u00f3n por cualquier consulta. \n<br>\nAgradecemos su colaboraci\u00f3n como socio de la <b>DWG<\/b>, como as\u00ed tambi\u00e9n su apoyo y su participaci\u00f3n en nuestros eventos y proyectos.<\/h2>\r\n\t        \t    <\/div>\r\n\t    \t\t\t\t<\/div>\n\t\t\t\t<\/div>\n\t\t\t\t\t<\/div>\n\t\t<\/div>\n\t\t\t\t\t<\/div>\n\t\t<\/section>\n\t\t\t\t<\/div>\n\t\t","protected":false},"excerpt":{"rendered":"<p>Socios Nuestros Socios Un alto porcentaje de la ayuda financiera que nos permite cumplir con nuestro principal cometido de atenci\u00f3n de personas desamparadas, enfermas y necesitadas, por medio de la entrega de ropa, medicamentos, alimentos y otros subsidios, es el aporte de las cuotas de nuestros socios. ABONOS Los valores actualizados han sido fijados de [&hellip;]<\/p>\n","protected":false},"author":2,"featured_media":0,"parent":0,"menu_order":0,"comment_status":"closed","ping_status":"closed","template":"","meta":{"footnotes":""},"class_list":["post-4661","page","type-page","status-publish","hentry"],"yoast_head":"<!-- This site is optimized with the Yoast SEO plugin v27.3 - https:\/\/yoast.com\/product\/yoast-seo-wordpress\/ -->\n<title>Socios | DWG<\/title>\n<meta name=\"description\" content=\"La DWG gerencia al Hogar para Mayores Los Pinos. Asimismo cuenta con un \u00e1rea de Asistencia Social, alcanzando su ayuda a sectores del conurbano Bonaerense,\" \/>\n<meta name=\"robots\" content=\"index, follow, max-snippet:-1, max-image-preview:large, max-video-preview:-1\" \/>\n<link rel=\"canonical\" href=\"https:\/\/dwg.org.ar\/?page_id=4661\" \/>\n<meta property=\"og:locale\" content=\"es_ES\" \/>\n<meta property=\"og:type\" content=\"article\" \/>\n<meta property=\"og:title\" content=\"Socios | DWG\" \/>\n<meta property=\"og:description\" content=\"La DWG gerencia al Hogar para Mayores Los Pinos. Asimismo cuenta con un \u00e1rea de Asistencia Social, alcanzando su ayuda a sectores del conurbano Bonaerense,\" \/>\n<meta property=\"og:url\" content=\"https:\/\/dwg.org.ar\/?page_id=4661\" \/>\n<meta property=\"og:site_name\" content=\"DWG\" \/>\n<meta property=\"article:publisher\" content=\"https:\/\/www.facebook.com\/SociedadAlemanadeBeneficencia\" \/>\n<meta property=\"article:modified_time\" content=\"2026-02-05T21:01:00+00:00\" \/>\n<meta property=\"og:image\" content=\"https:\/\/dwg.org.ar\/wp-content\/uploads\/2021\/09\/descarga.png\" \/>\n\t<meta property=\"og:image:width\" content=\"369\" \/>\n\t<meta property=\"og:image:height\" content=\"136\" \/>\n\t<meta property=\"og:image:type\" content=\"image\/png\" \/>\n<meta name=\"twitter:card\" content=\"summary_large_image\" \/>\n<meta name=\"twitter:label1\" content=\"Tiempo de lectura\" \/>\n\t<meta name=\"twitter:data1\" content=\"2 minutos\" \/>\n<script type=\"application\/ld+json\" class=\"yoast-schema-graph\">{\"@context\":\"https:\\\/\\\/schema.org\",\"@graph\":[{\"@type\":\"WebPage\",\"@id\":\"https:\\\/\\\/dwg.org.ar\\\/?page_id=4661\",\"url\":\"https:\\\/\\\/dwg.org.ar\\\/?page_id=4661\",\"name\":\"Socios | DWG\",\"isPartOf\":{\"@id\":\"https:\\\/\\\/dwg.org.ar\\\/#website\"},\"primaryImageOfPage\":{\"@id\":\"https:\\\/\\\/dwg.org.ar\\\/?page_id=4661#primaryimage\"},\"image\":{\"@id\":\"https:\\\/\\\/dwg.org.ar\\\/?page_id=4661#primaryimage\"},\"thumbnailUrl\":\"https:\\\/\\\/dwg.org.ar\\\/wp-content\\\/uploads\\\/2021\\\/09\\\/descarga.png\",\"datePublished\":\"2021-09-25T19:17:04+00:00\",\"dateModified\":\"2026-02-05T21:01:00+00:00\",\"description\":\"La DWG gerencia al Hogar para Mayores Los Pinos. Asimismo cuenta con un \u00e1rea de Asistencia Social, alcanzando su ayuda a sectores del conurbano Bonaerense,\",\"breadcrumb\":{\"@id\":\"https:\\\/\\\/dwg.org.ar\\\/?page_id=4661#breadcrumb\"},\"inLanguage\":\"es-AR\",\"potentialAction\":[{\"@type\":\"ReadAction\",\"target\":[\"https:\\\/\\\/dwg.org.ar\\\/?page_id=4661\"]}]},{\"@type\":\"ImageObject\",\"inLanguage\":\"es-AR\",\"@id\":\"https:\\\/\\\/dwg.org.ar\\\/?page_id=4661#primaryimage\",\"url\":\"https:\\\/\\\/dwg.org.ar\\\/wp-content\\\/uploads\\\/2021\\\/09\\\/descarga.png\",\"contentUrl\":\"https:\\\/\\\/dwg.org.ar\\\/wp-content\\\/uploads\\\/2021\\\/09\\\/descarga.png\",\"width\":369,\"height\":136},{\"@type\":\"BreadcrumbList\",\"@id\":\"https:\\\/\\\/dwg.org.ar\\\/?page_id=4661#breadcrumb\",\"itemListElement\":[{\"@type\":\"ListItem\",\"position\":1,\"name\":\"Inicio\",\"item\":\"https:\\\/\\\/dwg.org.ar\\\/\"},{\"@type\":\"ListItem\",\"position\":2,\"name\":\"Socios\"}]},{\"@type\":\"WebSite\",\"@id\":\"https:\\\/\\\/dwg.org.ar\\\/#website\",\"url\":\"https:\\\/\\\/dwg.org.ar\\\/\",\"name\":\"DWG - Sociedad Alemana de Beneficencia\",\"description\":\"La DWG gerencia el Hogar para Mayores Los Pinos.\",\"publisher\":{\"@id\":\"https:\\\/\\\/dwg.org.ar\\\/#organization\"},\"potentialAction\":[{\"@type\":\"SearchAction\",\"target\":{\"@type\":\"EntryPoint\",\"urlTemplate\":\"https:\\\/\\\/dwg.org.ar\\\/?s={search_term_string}\"},\"query-input\":{\"@type\":\"PropertyValueSpecification\",\"valueRequired\":true,\"valueName\":\"search_term_string\"}}],\"inLanguage\":\"es-AR\"},{\"@type\":\"Organization\",\"@id\":\"https:\\\/\\\/dwg.org.ar\\\/#organization\",\"name\":\"DWG - Sociedad Alemana de Beneficencia\",\"url\":\"https:\\\/\\\/dwg.org.ar\\\/\",\"logo\":{\"@type\":\"ImageObject\",\"inLanguage\":\"es-AR\",\"@id\":\"https:\\\/\\\/dwg.org.ar\\\/#\\\/schema\\\/logo\\\/image\\\/\",\"url\":\"https:\\\/\\\/dwg.org.ar\\\/wp-content\\\/uploads\\\/2021\\\/09\\\/Logo_dwg_svg.svg\",\"contentUrl\":\"https:\\\/\\\/dwg.org.ar\\\/wp-content\\\/uploads\\\/2021\\\/09\\\/Logo_dwg_svg.svg\",\"width\":344,\"height\":172,\"caption\":\"DWG - Sociedad Alemana de Beneficencia\"},\"image\":{\"@id\":\"https:\\\/\\\/dwg.org.ar\\\/#\\\/schema\\\/logo\\\/image\\\/\"},\"sameAs\":[\"https:\\\/\\\/www.facebook.com\\\/SociedadAlemanadeBeneficencia\"]}]}<\/script>\n<!-- \/ Yoast SEO plugin. -->","yoast_head_json":{"title":"Socios | DWG","description":"La DWG gerencia al Hogar para Mayores Los Pinos. Asimismo cuenta con un \u00e1rea de Asistencia Social, alcanzando su ayuda a sectores del conurbano Bonaerense,","robots":{"index":"index","follow":"follow","max-snippet":"max-snippet:-1","max-image-preview":"max-image-preview:large","max-video-preview":"max-video-preview:-1"},"canonical":"https:\/\/dwg.org.ar\/?page_id=4661","og_locale":"es_ES","og_type":"article","og_title":"Socios | DWG","og_description":"La DWG gerencia al Hogar para Mayores Los Pinos. Asimismo cuenta con un \u00e1rea de Asistencia Social, alcanzando su ayuda a sectores del conurbano Bonaerense,","og_url":"https:\/\/dwg.org.ar\/?page_id=4661","og_site_name":"DWG","article_publisher":"https:\/\/www.facebook.com\/SociedadAlemanadeBeneficencia","article_modified_time":"2026-02-05T21:01:00+00:00","og_image":[{"width":369,"height":136,"url":"https:\/\/dwg.org.ar\/wp-content\/uploads\/2021\/09\/descarga.png","type":"image\/png"}],"twitter_card":"summary_large_image","twitter_misc":{"Tiempo de lectura":"2 minutos"},"schema":{"@context":"https:\/\/schema.org","@graph":[{"@type":"WebPage","@id":"https:\/\/dwg.org.ar\/?page_id=4661","url":"https:\/\/dwg.org.ar\/?page_id=4661","name":"Socios | DWG","isPartOf":{"@id":"https:\/\/dwg.org.ar\/#website"},"primaryImageOfPage":{"@id":"https:\/\/dwg.org.ar\/?page_id=4661#primaryimage"},"image":{"@id":"https:\/\/dwg.org.ar\/?page_id=4661#primaryimage"},"thumbnailUrl":"https:\/\/dwg.org.ar\/wp-content\/uploads\/2021\/09\/descarga.png","datePublished":"2021-09-25T19:17:04+00:00","dateModified":"2026-02-05T21:01:00+00:00","description":"La DWG gerencia al Hogar para Mayores Los Pinos. Asimismo cuenta con un \u00e1rea de Asistencia Social, alcanzando su ayuda a sectores del conurbano Bonaerense,","breadcrumb":{"@id":"https:\/\/dwg.org.ar\/?page_id=4661#breadcrumb"},"inLanguage":"es-AR","potentialAction":[{"@type":"ReadAction","target":["https:\/\/dwg.org.ar\/?page_id=4661"]}]},{"@type":"ImageObject","inLanguage":"es-AR","@id":"https:\/\/dwg.org.ar\/?page_id=4661#primaryimage","url":"https:\/\/dwg.org.ar\/wp-content\/uploads\/2021\/09\/descarga.png","contentUrl":"https:\/\/dwg.org.ar\/wp-content\/uploads\/2021\/09\/descarga.png","width":369,"height":136},{"@type":"BreadcrumbList","@id":"https:\/\/dwg.org.ar\/?page_id=4661#breadcrumb","itemListElement":[{"@type":"ListItem","position":1,"name":"Inicio","item":"https:\/\/dwg.org.ar\/"},{"@type":"ListItem","position":2,"name":"Socios"}]},{"@type":"WebSite","@id":"https:\/\/dwg.org.ar\/#website","url":"https:\/\/dwg.org.ar\/","name":"DWG - Sociedad Alemana de Beneficencia","description":"La DWG gerencia el Hogar para Mayores Los Pinos.","publisher":{"@id":"https:\/\/dwg.org.ar\/#organization"},"potentialAction":[{"@type":"SearchAction","target":{"@type":"EntryPoint","urlTemplate":"https:\/\/dwg.org.ar\/?s={search_term_string}"},"query-input":{"@type":"PropertyValueSpecification","valueRequired":true,"valueName":"search_term_string"}}],"inLanguage":"es-AR"},{"@type":"Organization","@id":"https:\/\/dwg.org.ar\/#organization","name":"DWG - Sociedad Alemana de Beneficencia","url":"https:\/\/dwg.org.ar\/","logo":{"@type":"ImageObject","inLanguage":"es-AR","@id":"https:\/\/dwg.org.ar\/#\/schema\/logo\/image\/","url":"https:\/\/dwg.org.ar\/wp-content\/uploads\/2021\/09\/Logo_dwg_svg.svg","contentUrl":"https:\/\/dwg.org.ar\/wp-content\/uploads\/2021\/09\/Logo_dwg_svg.svg","width":344,"height":172,"caption":"DWG - Sociedad Alemana de Beneficencia"},"image":{"@id":"https:\/\/dwg.org.ar\/#\/schema\/logo\/image\/"},"sameAs":["https:\/\/www.facebook.com\/SociedadAlemanadeBeneficencia"]}]}},"_links":{"self":[{"href":"https:\/\/dwg.org.ar\/index.php?rest_route=\/wp\/v2\/pages\/4661","targetHints":{"allow":["GET"]}}],"collection":[{"href":"https:\/\/dwg.org.ar\/index.php?rest_route=\/wp\/v2\/pages"}],"about":[{"href":"https:\/\/dwg.org.ar\/index.php?rest_route=\/wp\/v2\/types\/page"}],"author":[{"embeddable":true,"href":"https:\/\/dwg.org.ar\/index.php?rest_route=\/wp\/v2\/users\/2"}],"replies":[{"embeddable":true,"href":"https:\/\/dwg.org.ar\/index.php?rest_route=%2Fwp%2Fv2%2Fcomments&post=4661"}],"version-history":[{"count":65,"href":"https:\/\/dwg.org.ar\/index.php?rest_route=\/wp\/v2\/pages\/4661\/revisions"}],"predecessor-version":[{"id":5537,"href":"https:\/\/dwg.org.ar\/index.php?rest_route=\/wp\/v2\/pages\/4661\/revisions\/5537"}],"wp:attachment":[{"href":"https:\/\/dwg.org.ar\/index.php?rest_route=%2Fwp%2Fv2%2Fmedia&parent=4661"}],"curies":[{"name":"wp","href":"https:\/\/api.w.org\/{rel}","templated":true}]}}